{"id":232,"date":"2026-01-11T18:14:30","date_gmt":"2026-01-11T18:14:30","guid":{"rendered":"https:\/\/fineartsplanet.org\/artists\/"},"modified":"2026-01-13T17:43:16","modified_gmt":"2026-01-13T17:43:16","slug":"artists","status":"publish","type":"page","link":"https:\/\/fineartsplanet.org\/?page_id=232","title":{"rendered":"Arty\u015bci"},"content":{"rendered":"\t\t<div data-elementor-type=\"wp-page\" data-elementor-id=\"232\" class=\"elementor elementor-232\" data-elementor-post-type=\"page\">\n\t\t\t\t<div class=\"elementor-element elementor-element-36a60f9 e-flex e-con-boxed e-con e-parent\" data-id=\"36a60f9\" data-element_type=\"container\" data-e-type=\"container\" data-settings=\"{&quot;background_background&quot;:&quot;classic&quot;}\">\n\t\t\t\t\t<div class=\"e-con-inner\">\n\t\t\t\t<div class=\"elementor-element elementor-element-c942450 elementor-widget elementor-widget-text-editor\" data-id=\"c942450\" data-element_type=\"widget\" data-e-type=\"widget\" data-widget_type=\"text-editor.default\">\n\t\t\t\t\t\t\t\t\t<p style=\"text-align: center;\"><strong data-start=\"911\" data-end=\"970\"><br><\/strong><\/p>\n<p style=\"text-align: center;\"><strong data-start=\"911\" data-end=\"970\"><br><\/strong><\/p>\n<p style=\"text-align: center;\"><strong data-start=\"911\" data-end=\"970\"><br><\/strong><\/p>\n<p style=\"text-align: center;\"><strong data-start=\"911\" data-end=\"970\">Za ka\u017cd\u0105 prac\u0105 stoi cz\u0142owiek, do\u015bwiadczenie i opowie\u015b\u0107.<\/strong><br data-start=\"970\" data-end=\"973\">Poznaj artyst\u00f3w, kt\u00f3rych tw\u00f3rczo\u015b\u0107 buduje relacje.<\/p><p style=\"text-align: center;\"><br><\/p><p style=\"text-align: center;\"><br><\/p>\n<p><\/p>\t\t\t\t\t\t\t\t<\/div>\n\t\t\t\t\t<\/div>\n\t\t\t\t<\/div>\n\t\t<div class=\"elementor-element elementor-element-d32645f e-flex e-con-boxed e-con e-parent\" data-id=\"d32645f\" data-element_type=\"container\" data-e-type=\"container\">\n\t\t\t\t\t<div class=\"e-con-inner\">\n\t\t\t\t<div class=\"elementor-element elementor-element-cd19570 elementor-widget elementor-widget-spacer\" data-id=\"cd19570\" data-element_type=\"widget\" data-e-type=\"widget\" data-widget_type=\"spacer.default\">\n\t\t\t\t\t\t\t<div class=\"elementor-spacer\">\n\t\t\t<div class=\"elementor-spacer-inner\"><\/div>\n\t\t<\/div>\n\t\t\t\t\t\t<\/div>\n\t\t\t\t\t<\/div>\n\t\t\t\t<\/div>\n\t\t<div class=\"elementor-element elementor-element-043400d e-flex e-con-boxed e-con e-parent\" data-id=\"043400d\" data-element_type=\"container\" data-e-type=\"container\">\n\t\t\t\t\t<div class=\"e-con-inner\">\n\t\t\t\t<div class=\"elementor-element elementor-element-0ca4ba8 elementor-grid-2 elementor-grid-tablet-2 elementor-grid-mobile-1 elementor-widget elementor-widget-portfolio\" data-id=\"0ca4ba8\" data-element_type=\"widget\" data-e-type=\"widget\" data-settings=\"{&quot;columns&quot;:&quot;2&quot;,&quot;columns_tablet&quot;:&quot;2&quot;,&quot;columns_mobile&quot;:&quot;1&quot;,&quot;item_ratio&quot;:{&quot;unit&quot;:&quot;px&quot;,&quot;size&quot;:0.66,&quot;sizes&quot;:[]},&quot;item_gap&quot;:{&quot;unit&quot;:&quot;px&quot;,&quot;size&quot;:&quot;&quot;,&quot;sizes&quot;:[]},&quot;row_gap&quot;:{&quot;unit&quot;:&quot;px&quot;,&quot;size&quot;:&quot;&quot;,&quot;sizes&quot;:[]}}\" data-widget_type=\"portfolio.default\">\n\t\t\t\t<div class=\"elementor-widget-container\">\n\t\t\t\t\t\t\t<div class=\"elementor-portfolio elementor-grid elementor-posts-container\" role=\"list\">\n\t\t\t\t<article class=\"elementor-portfolio-item elementor-post  post-185 page type-page status-publish has-post-thumbnail hentry\" role=\"listitem\">\n\t\t\t<a class=\"elementor-post__thumbnail__link\" href=\"https:\/\/fineartsplanet.org\/?page_id=185\">\n\t\t\t\t<div class=\"elementor-portfolio-item__img elementor-post__thumbnail\">\n\t\t\t<img fetchpriority=\"high\" decoding=\"async\" width=\"300\" height=\"300\" src=\"https:\/\/fineartsplanet.org\/wp-content\/uploads\/2026\/01\/Agata-Balinska-fot-300x300.jpg\" class=\"attachment-medium size-medium wp-image-191\" alt=\"\" srcset=\"https:\/\/fineartsplanet.org\/wp-content\/uploads\/2026\/01\/Agata-Balinska-fot-300x300.jpg 300w, https:\/\/fineartsplanet.org\/wp-content\/uploads\/2026\/01\/Agata-Balinska-fot-150x150.jpg 150w, https:\/\/fineartsplanet.org\/wp-content\/uploads\/2026\/01\/Agata-Balinska-fot-768x770.jpg 768w, https:\/\/fineartsplanet.org\/wp-content\/uploads\/2026\/01\/Agata-Balinska-fot.jpg 934w\" sizes=\"(max-width: 300px) 100vw, 300px\" \/>\t\t<\/div>\n\t\t\t\t<div class=\"elementor-portfolio-item__overlay\">\n\t\t\t\t<h3 class=\"elementor-portfolio-item__title\">\n\t\tAgata Bali\u0144ska\t\t<\/h3>\n\t\t\t\t<\/div>\n\t\t\t\t<\/a>\n\t\t<\/article>\n\t\t\t\t<article class=\"elementor-portfolio-item elementor-post  post-183 page type-page status-publish has-post-thumbnail hentry\" role=\"listitem\">\n\t\t\t<a class=\"elementor-post__thumbnail__link\" href=\"https:\/\/fineartsplanet.org\/?page_id=183\">\n\t\t\t\t<div class=\"elementor-portfolio-item__img elementor-post__thumbnail\">\n\t\t\t<img decoding=\"async\" width=\"300\" height=\"300\" src=\"https:\/\/fineartsplanet.org\/wp-content\/uploads\/2026\/01\/Maciej-Musial.-fot.-Nina-Smolarz-300x300.jpg\" class=\"attachment-medium size-medium wp-image-201\" alt=\"\" srcset=\"https:\/\/fineartsplanet.org\/wp-content\/uploads\/2026\/01\/Maciej-Musial.-fot.-Nina-Smolarz-300x300.jpg 300w, https:\/\/fineartsplanet.org\/wp-content\/uploads\/2026\/01\/Maciej-Musial.-fot.-Nina-Smolarz-150x150.jpg 150w, https:\/\/fineartsplanet.org\/wp-content\/uploads\/2026\/01\/Maciej-Musial.-fot.-Nina-Smolarz-768x767.jpg 768w, https:\/\/fineartsplanet.org\/wp-content\/uploads\/2026\/01\/Maciej-Musial.-fot.-Nina-Smolarz.jpg 959w\" sizes=\"(max-width: 300px) 100vw, 300px\" \/>\t\t<\/div>\n\t\t\t\t<div class=\"elementor-portfolio-item__overlay\">\n\t\t\t\t<h3 class=\"elementor-portfolio-item__title\">\n\t\tMaciej Musia\u0142\t\t<\/h3>\n\t\t\t\t<\/div>\n\t\t\t\t<\/a>\n\t\t<\/article>\n\t\t\t\t<\/div>\n\t\t\t\t\t\t<\/div>\n\t\t\t\t<\/div>\n\t\t\t\t\t<\/div>\n\t\t\t\t<\/div>\n\t\t\t\t<\/div>\n\t\t","protected":false},"excerpt":{"rendered":"<p>Za ka\u017cd\u0105 prac\u0105 stoi cz\u0142owiek, do\u015bwiadczenie i opowie\u015b\u0107.Poznaj artyst\u00f3w, kt\u00f3rych tw\u00f3rczo\u015b\u0107 buduje relacje.<\/p>\n","protected":false},"author":1,"featured_media":0,"parent":0,"menu_order":0,"comment_status":"closed","ping_status":"closed","template":"","meta":{"footnotes":""},"class_list":["post-232","page","type-page","status-publish","hentry"],"_hostinger_reach_plugin_has_subscription_block":false,"_hostinger_reach_plugin_is_elementor":false,"_links":{"self":[{"href":"https:\/\/fineartsplanet.org\/index.php?rest_route=\/wp\/v2\/pages\/232","targetHints":{"allow":["GET"]}}],"collection":[{"href":"https:\/\/fineartsplanet.org\/index.php?rest_route=\/wp\/v2\/pages"}],"about":[{"href":"https:\/\/fineartsplanet.org\/index.php?rest_route=\/wp\/v2\/types\/page"}],"author":[{"embeddable":true,"href":"https:\/\/fineartsplanet.org\/index.php?rest_route=\/wp\/v2\/users\/1"}],"replies":[{"embeddable":true,"href":"https:\/\/fineartsplanet.org\/index.php?rest_route=%2Fwp%2Fv2%2Fcomments&post=232"}],"version-history":[{"count":4,"href":"https:\/\/fineartsplanet.org\/index.php?rest_route=\/wp\/v2\/pages\/232\/revisions"}],"predecessor-version":[{"id":282,"href":"https:\/\/fineartsplanet.org\/index.php?rest_route=\/wp\/v2\/pages\/232\/revisions\/282"}],"wp:attachment":[{"href":"https:\/\/fineartsplanet.org\/index.php?rest_route=%2Fwp%2Fv2%2Fmedia&parent=232"}],"curies":[{"name":"wp","href":"https:\/\/api.w.org\/{rel}","templated":true}]}}