{"id":185,"date":"2026-01-10T20:24:07","date_gmt":"2026-01-10T20:24:07","guid":{"rendered":"https:\/\/fineartsplanet.org\/?page_id=185"},"modified":"2026-03-05T14:48:39","modified_gmt":"2026-03-05T14:48:39","slug":"agata-balinska","status":"publish","type":"page","link":"https:\/\/fineartsplanet.org\/?page_id=185","title":{"rendered":"Agata Bali\u0144ska"},"content":{"rendered":"\t\t<div data-elementor-type=\"wp-page\" data-elementor-id=\"185\" class=\"elementor elementor-185\" data-elementor-post-type=\"page\">\n\t\t\t\t<div class=\"elementor-element elementor-element-cebd835 e-flex e-con-boxed e-con e-parent\" data-id=\"cebd835\" data-element_type=\"container\" data-e-type=\"container\">\n\t\t\t\t\t<div class=\"e-con-inner\">\n\t\t<div class=\"elementor-element elementor-element-22dbb08 e-con-full e-flex e-con e-child\" data-id=\"22dbb08\" data-element_type=\"container\" data-e-type=\"container\">\n\t\t\t\t<div class=\"elementor-element elementor-element-2e6967f elementor-widget elementor-widget-image\" data-id=\"2e6967f\" data-element_type=\"widget\" data-e-type=\"widget\" data-widget_type=\"image.default\">\n\t\t\t\t\t\t\t\t\t\t\t\t\t\t\t<img fetchpriority=\"high\" decoding=\"async\" width=\"934\" height=\"937\" src=\"https:\/\/fineartsplanet.org\/wp-content\/uploads\/2026\/01\/Agata-Balinska-fot.jpg\" class=\"attachment-large size-large wp-image-191\" alt=\"\" srcset=\"https:\/\/fineartsplanet.org\/wp-content\/uploads\/2026\/01\/Agata-Balinska-fot.jpg 934w, https:\/\/fineartsplanet.org\/wp-content\/uploads\/2026\/01\/Agata-Balinska-fot-300x300.jpg 300w, https:\/\/fineartsplanet.org\/wp-content\/uploads\/2026\/01\/Agata-Balinska-fot-150x150.jpg 150w, https:\/\/fineartsplanet.org\/wp-content\/uploads\/2026\/01\/Agata-Balinska-fot-768x770.jpg 768w\" sizes=\"(max-width: 934px) 100vw, 934px\" \/>\t\t\t\t\t\t\t\t\t\t\t\t\t\t\t<\/div>\n\t\t\t\t<\/div>\n\t\t<div class=\"elementor-element elementor-element-108f5bf e-con-full e-flex e-con e-child\" data-id=\"108f5bf\" data-element_type=\"container\" data-e-type=\"container\">\n\t\t\t\t<div class=\"elementor-element elementor-element-4107040 elementor-widget elementor-widget-heading\" data-id=\"4107040\" data-element_type=\"widget\" data-e-type=\"widget\" data-widget_type=\"heading.default\">\n\t\t\t\t\t<h2 class=\"elementor-heading-title elementor-size-default\">malarka, animatorka<\/h2>\t\t\t\t<\/div>\n\t\t\t\t<div class=\"elementor-element elementor-element-465f65c elementor-widget elementor-widget-text-editor\" data-id=\"465f65c\" data-element_type=\"widget\" data-e-type=\"widget\" data-widget_type=\"text-editor.default\">\n\t\t\t\t\t\t\t\t\t<p class=\"p1\">Absolwentka warszawskiej ASP, edukatorka, instruktorka arteterapii. Jej przodkowie byli fotografami, zar\u00f3wno oboje rodzice jak i dziadkowie. Maluje akwarelowe pejza\u017ce uwa\u017cnie przygl\u0105daj\u0105c si\u0119 \u015bwiatowi wok\u00f3\u0142. W swojej sztuce \u0142\u0105czy pasj\u0119 malarsk\u0105 z mi\u0142o\u015bci\u0105 do przyrody. W wolnych chwilach broni dzikich rzek.<\/p>\t\t\t\t\t\t\t\t<\/div>\n\t\t\t\t<\/div>\n\t\t\t\t\t<\/div>\n\t\t\t\t<\/div>\n\t\t<div class=\"elementor-element elementor-element-ed4aabb e-flex e-con-boxed e-con e-parent\" data-id=\"ed4aabb\" data-element_type=\"container\" data-e-type=\"container\">\n\t\t\t\t\t<div class=\"e-con-inner\">\n\t\t\t\t<div class=\"elementor-element elementor-element-0d1a1a2 elementor-widget elementor-widget-spacer\" data-id=\"0d1a1a2\" data-element_type=\"widget\" data-e-type=\"widget\" data-widget_type=\"spacer.default\">\n\t\t\t\t\t\t\t<div class=\"elementor-spacer\">\n\t\t\t<div class=\"elementor-spacer-inner\"><\/div>\n\t\t<\/div>\n\t\t\t\t\t\t<\/div>\n\t\t\t\t<div class=\"elementor-element elementor-element-6a5db47 elementor-widget elementor-widget-gallery\" data-id=\"6a5db47\" data-element_type=\"widget\" data-e-type=\"widget\" data-settings=\"{&quot;lazyload&quot;:&quot;yes&quot;,&quot;gallery_layout&quot;:&quot;grid&quot;,&quot;columns&quot;:4,&quot;columns_tablet&quot;:2,&quot;columns_mobile&quot;:1,&quot;gap&quot;:{&quot;unit&quot;:&quot;px&quot;,&quot;size&quot;:10,&quot;sizes&quot;:[]},&quot;gap_tablet&quot;:{&quot;unit&quot;:&quot;px&quot;,&quot;size&quot;:10,&quot;sizes&quot;:[]},&quot;gap_mobile&quot;:{&quot;unit&quot;:&quot;px&quot;,&quot;size&quot;:10,&quot;sizes&quot;:[]},&quot;link_to&quot;:&quot;file&quot;,&quot;aspect_ratio&quot;:&quot;3:2&quot;,&quot;overlay_background&quot;:&quot;yes&quot;,&quot;content_hover_animation&quot;:&quot;fade-in&quot;}\" data-widget_type=\"gallery.default\">\n\t\t\t\t\t\t\t<div class=\"elementor-gallery__container\">\n\t\t\t\t\t\t\t<a class=\"e-gallery-item elementor-gallery-item elementor-animated-content\" href=\"https:\/\/fineartsplanet.org\/wp-content\/uploads\/2026\/01\/Agata-Balinska6229.jpg\" data-elementor-open-lightbox=\"yes\" data-elementor-lightbox-slideshow=\"6a5db47\" data-elementor-lightbox-title=\"Agata Balin\u0301ska6229\" data-e-action-hash=\"#elementor-action%3Aaction%3Dlightbox%26settings%3DeyJpZCI6MTk4LCJ1cmwiOiJodHRwczpcL1wvZmluZWFydHNwbGFuZXQub3JnXC93cC1jb250ZW50XC91cGxvYWRzXC8yMDI2XC8wMVwvQWdhdGEtQmFsaW5za2E2MjI5LmpwZyIsInNsaWRlc2hvdyI6IjZhNWRiNDcifQ%3D%3D\">\n\t\t\t\t\t<div class=\"e-gallery-image elementor-gallery-item__image\" data-thumbnail=\"https:\/\/fineartsplanet.org\/wp-content\/uploads\/2026\/01\/Agata-Balinska6229-300x199.jpg\" data-width=\"300\" data-height=\"199\" aria-label=\"\" role=\"img\" ><\/div>\n\t\t\t\t\t\t\t\t\t\t\t<div class=\"elementor-gallery-item__overlay\"><\/div>\n\t\t\t\t\t\t\t\t\t\t\t\t\t\t<\/a>\n\t\t\t\t\t\t\t<a class=\"e-gallery-item elementor-gallery-item elementor-animated-content\" href=\"https:\/\/fineartsplanet.org\/wp-content\/uploads\/2026\/01\/Agata-Balinska6228.jpg\" data-elementor-open-lightbox=\"yes\" data-elementor-lightbox-slideshow=\"6a5db47\" data-elementor-lightbox-title=\"Agata Balin\u0301ska6228\" data-e-action-hash=\"#elementor-action%3Aaction%3Dlightbox%26settings%3DeyJpZCI6MTk3LCJ1cmwiOiJodHRwczpcL1wvZmluZWFydHNwbGFuZXQub3JnXC93cC1jb250ZW50XC91cGxvYWRzXC8yMDI2XC8wMVwvQWdhdGEtQmFsaW5za2E2MjI4LmpwZyIsInNsaWRlc2hvdyI6IjZhNWRiNDcifQ%3D%3D\">\n\t\t\t\t\t<div class=\"e-gallery-image elementor-gallery-item__image\" data-thumbnail=\"https:\/\/fineartsplanet.org\/wp-content\/uploads\/2026\/01\/Agata-Balinska6228-300x225.jpg\" data-width=\"300\" data-height=\"225\" aria-label=\"\" role=\"img\" ><\/div>\n\t\t\t\t\t\t\t\t\t\t\t<div class=\"elementor-gallery-item__overlay\"><\/div>\n\t\t\t\t\t\t\t\t\t\t\t\t\t\t<\/a>\n\t\t\t\t\t\t\t<a class=\"e-gallery-item elementor-gallery-item elementor-animated-content\" href=\"https:\/\/fineartsplanet.org\/wp-content\/uploads\/2026\/01\/Agata-Balinska6227.jpg\" data-elementor-open-lightbox=\"yes\" data-elementor-lightbox-slideshow=\"6a5db47\" data-elementor-lightbox-title=\"Agata Balin\u0301ska6227\" data-e-action-hash=\"#elementor-action%3Aaction%3Dlightbox%26settings%3DeyJpZCI6MTk2LCJ1cmwiOiJodHRwczpcL1wvZmluZWFydHNwbGFuZXQub3JnXC93cC1jb250ZW50XC91cGxvYWRzXC8yMDI2XC8wMVwvQWdhdGEtQmFsaW5za2E2MjI3LmpwZyIsInNsaWRlc2hvdyI6IjZhNWRiNDcifQ%3D%3D\">\n\t\t\t\t\t<div class=\"e-gallery-image elementor-gallery-item__image\" data-thumbnail=\"https:\/\/fineartsplanet.org\/wp-content\/uploads\/2026\/01\/Agata-Balinska6227-300x221.jpg\" data-width=\"300\" data-height=\"221\" aria-label=\"\" role=\"img\" ><\/div>\n\t\t\t\t\t\t\t\t\t\t\t<div class=\"elementor-gallery-item__overlay\"><\/div>\n\t\t\t\t\t\t\t\t\t\t\t\t\t\t<\/a>\n\t\t\t\t\t\t\t<a class=\"e-gallery-item elementor-gallery-item elementor-animated-content\" href=\"https:\/\/fineartsplanet.org\/wp-content\/uploads\/2026\/01\/Agata-Balinska6226.jpg\" data-elementor-open-lightbox=\"yes\" data-elementor-lightbox-slideshow=\"6a5db47\" data-elementor-lightbox-title=\"Agata Balin\u0301ska6226\" data-e-action-hash=\"#elementor-action%3Aaction%3Dlightbox%26settings%3DeyJpZCI6MTk1LCJ1cmwiOiJodHRwczpcL1wvZmluZWFydHNwbGFuZXQub3JnXC93cC1jb250ZW50XC91cGxvYWRzXC8yMDI2XC8wMVwvQWdhdGEtQmFsaW5za2E2MjI2LmpwZyIsInNsaWRlc2hvdyI6IjZhNWRiNDcifQ%3D%3D\">\n\t\t\t\t\t<div class=\"e-gallery-image elementor-gallery-item__image\" data-thumbnail=\"https:\/\/fineartsplanet.org\/wp-content\/uploads\/2026\/01\/Agata-Balinska6226-300x225.jpg\" data-width=\"300\" data-height=\"225\" aria-label=\"\" role=\"img\" ><\/div>\n\t\t\t\t\t\t\t\t\t\t\t<div class=\"elementor-gallery-item__overlay\"><\/div>\n\t\t\t\t\t\t\t\t\t\t\t\t\t\t<\/a>\n\t\t\t\t\t\t\t<a class=\"e-gallery-item elementor-gallery-item elementor-animated-content\" href=\"https:\/\/fineartsplanet.org\/wp-content\/uploads\/2026\/01\/Agata-Balinska6225.jpg\" data-elementor-open-lightbox=\"yes\" data-elementor-lightbox-slideshow=\"6a5db47\" data-elementor-lightbox-title=\"Agata Balin\u0301ska6225\" data-e-action-hash=\"#elementor-action%3Aaction%3Dlightbox%26settings%3DeyJpZCI6MTk0LCJ1cmwiOiJodHRwczpcL1wvZmluZWFydHNwbGFuZXQub3JnXC93cC1jb250ZW50XC91cGxvYWRzXC8yMDI2XC8wMVwvQWdhdGEtQmFsaW5za2E2MjI1LmpwZyIsInNsaWRlc2hvdyI6IjZhNWRiNDcifQ%3D%3D\">\n\t\t\t\t\t<div class=\"e-gallery-image elementor-gallery-item__image\" data-thumbnail=\"https:\/\/fineartsplanet.org\/wp-content\/uploads\/2026\/01\/Agata-Balinska6225-300x225.jpg\" data-width=\"300\" data-height=\"225\" aria-label=\"\" role=\"img\" ><\/div>\n\t\t\t\t\t\t\t\t\t\t\t<div class=\"elementor-gallery-item__overlay\"><\/div>\n\t\t\t\t\t\t\t\t\t\t\t\t\t\t<\/a>\n\t\t\t\t\t\t\t<a class=\"e-gallery-item elementor-gallery-item elementor-animated-content\" href=\"https:\/\/fineartsplanet.org\/wp-content\/uploads\/2026\/01\/Agata-Balinska6224.jpg\" data-elementor-open-lightbox=\"yes\" data-elementor-lightbox-slideshow=\"6a5db47\" data-elementor-lightbox-title=\"Agata Balin\u0301ska6224\" data-e-action-hash=\"#elementor-action%3Aaction%3Dlightbox%26settings%3DeyJpZCI6MTkzLCJ1cmwiOiJodHRwczpcL1wvZmluZWFydHNwbGFuZXQub3JnXC93cC1jb250ZW50XC91cGxvYWRzXC8yMDI2XC8wMVwvQWdhdGEtQmFsaW5za2E2MjI0LmpwZyIsInNsaWRlc2hvdyI6IjZhNWRiNDcifQ%3D%3D\">\n\t\t\t\t\t<div class=\"e-gallery-image elementor-gallery-item__image\" data-thumbnail=\"https:\/\/fineartsplanet.org\/wp-content\/uploads\/2026\/01\/Agata-Balinska6224-300x214.jpg\" data-width=\"300\" data-height=\"214\" aria-label=\"\" role=\"img\" ><\/div>\n\t\t\t\t\t\t\t\t\t\t\t<div class=\"elementor-gallery-item__overlay\"><\/div>\n\t\t\t\t\t\t\t\t\t\t\t\t\t\t<\/a>\n\t\t\t\t\t\t\t<a class=\"e-gallery-item elementor-gallery-item elementor-animated-content\" href=\"https:\/\/fineartsplanet.org\/wp-content\/uploads\/2026\/01\/Agata-Balinska6223.jpg\" data-elementor-open-lightbox=\"yes\" data-elementor-lightbox-slideshow=\"6a5db47\" data-elementor-lightbox-title=\"Agata Balin\u0301ska6223\" data-e-action-hash=\"#elementor-action%3Aaction%3Dlightbox%26settings%3DeyJpZCI6MTkyLCJ1cmwiOiJodHRwczpcL1wvZmluZWFydHNwbGFuZXQub3JnXC93cC1jb250ZW50XC91cGxvYWRzXC8yMDI2XC8wMVwvQWdhdGEtQmFsaW5za2E2MjIzLmpwZyIsInNsaWRlc2hvdyI6IjZhNWRiNDcifQ%3D%3D\">\n\t\t\t\t\t<div class=\"e-gallery-image elementor-gallery-item__image\" data-thumbnail=\"https:\/\/fineartsplanet.org\/wp-content\/uploads\/2026\/01\/Agata-Balinska6223-300x231.jpg\" data-width=\"300\" data-height=\"231\" aria-label=\"\" role=\"img\" ><\/div>\n\t\t\t\t\t\t\t\t\t\t\t<div class=\"elementor-gallery-item__overlay\"><\/div>\n\t\t\t\t\t\t\t\t\t\t\t\t\t\t<\/a>\n\t\t\t\t\t\t\t<a class=\"e-gallery-item elementor-gallery-item elementor-animated-content\" href=\"https:\/\/fineartsplanet.org\/wp-content\/uploads\/2026\/01\/1.Agata-Balinska6222.jpg\" data-elementor-open-lightbox=\"yes\" data-elementor-lightbox-slideshow=\"6a5db47\" data-elementor-lightbox-title=\"1.Agata Balin\u0301ska6222\" data-e-action-hash=\"#elementor-action%3Aaction%3Dlightbox%26settings%3DeyJpZCI6MTg5LCJ1cmwiOiJodHRwczpcL1wvZmluZWFydHNwbGFuZXQub3JnXC93cC1jb250ZW50XC91cGxvYWRzXC8yMDI2XC8wMVwvMS5BZ2F0YS1CYWxpbnNrYTYyMjIuanBnIiwic2xpZGVzaG93IjoiNmE1ZGI0NyJ9\">\n\t\t\t\t\t<div class=\"e-gallery-image elementor-gallery-item__image\" data-thumbnail=\"https:\/\/fineartsplanet.org\/wp-content\/uploads\/2026\/01\/1.Agata-Balinska6222-300x225.jpg\" data-width=\"300\" data-height=\"225\" aria-label=\"\" role=\"img\" ><\/div>\n\t\t\t\t\t\t\t\t\t\t\t<div class=\"elementor-gallery-item__overlay\"><\/div>\n\t\t\t\t\t\t\t\t\t\t\t\t\t\t<\/a>\n\t\t\t\t\t\t\t<a class=\"e-gallery-item elementor-gallery-item elementor-animated-content\" href=\"https:\/\/fineartsplanet.org\/wp-content\/uploads\/2025\/11\/Zrzut-ekranu-2022-12-3-o-00.53.53.png\" data-elementor-open-lightbox=\"yes\" data-elementor-lightbox-slideshow=\"6a5db47\" data-elementor-lightbox-title=\"Zrzut ekranu 2022-12-3 o 00.53.53\" data-e-action-hash=\"#elementor-action%3Aaction%3Dlightbox%26settings%3DeyJpZCI6NjEsInVybCI6Imh0dHBzOlwvXC9maW5lYXJ0c3BsYW5ldC5vcmdcL3dwLWNvbnRlbnRcL3VwbG9hZHNcLzIwMjVcLzExXC9acnp1dC1la3JhbnUtMjAyMi0xMi0zLW8tMDAuNTMuNTMucG5nIiwic2xpZGVzaG93IjoiNmE1ZGI0NyJ9\">\n\t\t\t\t\t<div class=\"e-gallery-image elementor-gallery-item__image\" data-thumbnail=\"https:\/\/fineartsplanet.org\/wp-content\/uploads\/2025\/11\/Zrzut-ekranu-2022-12-3-o-00.53.53-300x220.png\" data-width=\"300\" data-height=\"220\" aria-label=\"\" role=\"img\" ><\/div>\n\t\t\t\t\t\t\t\t\t\t\t<div class=\"elementor-gallery-item__overlay\"><\/div>\n\t\t\t\t\t\t\t\t\t\t\t\t\t\t<\/a>\n\t\t\t\t\t<\/div>\n\t\t\t\t\t<\/div>\n\t\t\t\t\t<\/div>\n\t\t\t\t<\/div>\n\t\t\t\t<\/div>\n\t\t","protected":false},"excerpt":{"rendered":"<p>malarka, animatorka Absolwentka warszawskiej ASP, edukatorka, instruktorka arteterapii. Jej przodkowie byli fotografami, zar\u00f3wno oboje rodzice jak i dziadkowie. Maluje akwarelowe pejza\u017ce uwa\u017cnie przygl\u0105daj\u0105c si\u0119 \u015bwiatowi wok\u00f3\u0142. W swojej sztuce \u0142\u0105czy pasj\u0119 malarsk\u0105 z mi\u0142o\u015bci\u0105 do przyrody. W wolnych chwilach broni dzikich rzek.<\/p>\n","protected":false},"author":1,"featured_media":191,"parent":0,"menu_order":0,"comment_status":"closed","ping_status":"closed","template":"","meta":{"footnotes":""},"class_list":["post-185","page","type-page","status-publish","has-post-thumbnail","hentry"],"_hostinger_reach_plugin_has_subscription_block":false,"_hostinger_reach_plugin_is_elementor":false,"_links":{"self":[{"href":"https:\/\/fineartsplanet.org\/index.php?rest_route=\/wp\/v2\/pages\/185","targetHints":{"allow":["GET"]}}],"collection":[{"href":"https:\/\/fineartsplanet.org\/index.php?rest_route=\/wp\/v2\/pages"}],"about":[{"href":"https:\/\/fineartsplanet.org\/index.php?rest_route=\/wp\/v2\/types\/page"}],"author":[{"embeddable":true,"href":"https:\/\/fineartsplanet.org\/index.php?rest_route=\/wp\/v2\/users\/1"}],"replies":[{"embeddable":true,"href":"https:\/\/fineartsplanet.org\/index.php?rest_route=%2Fwp%2Fv2%2Fcomments&post=185"}],"version-history":[{"count":10,"href":"https:\/\/fineartsplanet.org\/index.php?rest_route=\/wp\/v2\/pages\/185\/revisions"}],"predecessor-version":[{"id":363,"href":"https:\/\/fineartsplanet.org\/index.php?rest_route=\/wp\/v2\/pages\/185\/revisions\/363"}],"wp:featuredmedia":[{"embeddable":true,"href":"https:\/\/fineartsplanet.org\/index.php?rest_route=\/wp\/v2\/media\/191"}],"wp:attachment":[{"href":"https:\/\/fineartsplanet.org\/index.php?rest_route=%2Fwp%2Fv2%2Fmedia&parent=185"}],"curies":[{"name":"wp","href":"https:\/\/api.w.org\/{rel}","templated":true}]}}