{"id":183,"date":"2026-01-13T17:40:03","date_gmt":"2026-01-13T17:40:03","guid":{"rendered":"https:\/\/fineartsplanet.org\/?page_id=183"},"modified":"2026-01-18T12:31:28","modified_gmt":"2026-01-18T12:31:28","slug":"maciej-musial","status":"publish","type":"page","link":"https:\/\/fineartsplanet.org\/?page_id=183","title":{"rendered":"Maciej Musia\u0142"},"content":{"rendered":"\t\t<div data-elementor-type=\"wp-page\" data-elementor-id=\"183\" class=\"elementor elementor-183\" data-elementor-post-type=\"page\">\n\t\t\t\t<div class=\"elementor-element elementor-element-1292202a e-flex e-con-boxed e-con e-parent\" data-id=\"1292202a\" data-element_type=\"container\" data-e-type=\"container\">\n\t\t\t\t\t<div class=\"e-con-inner\">\n\t\t<div class=\"elementor-element elementor-element-44f5c674 e-con-full e-flex e-con e-child\" data-id=\"44f5c674\" data-element_type=\"container\" data-e-type=\"container\">\n\t\t\t\t<div class=\"elementor-element elementor-element-30452656 elementor-widget elementor-widget-image\" data-id=\"30452656\" data-element_type=\"widget\" data-e-type=\"widget\" data-widget_type=\"image.default\">\n\t\t\t\t\t\t\t\t\t\t\t\t\t\t\t<img fetchpriority=\"high\" decoding=\"async\" width=\"1000\" height=\"999\" src=\"https:\/\/fineartsplanet.org\/wp-content\/uploads\/2026\/01\/Maciej-Musial.-fot.-Nina-Smolarz-1.jpg\" class=\"attachment-large size-large wp-image-353\" alt=\"\" srcset=\"https:\/\/fineartsplanet.org\/wp-content\/uploads\/2026\/01\/Maciej-Musial.-fot.-Nina-Smolarz-1.jpg 1000w, https:\/\/fineartsplanet.org\/wp-content\/uploads\/2026\/01\/Maciej-Musial.-fot.-Nina-Smolarz-1-300x300.jpg 300w, https:\/\/fineartsplanet.org\/wp-content\/uploads\/2026\/01\/Maciej-Musial.-fot.-Nina-Smolarz-1-150x150.jpg 150w, https:\/\/fineartsplanet.org\/wp-content\/uploads\/2026\/01\/Maciej-Musial.-fot.-Nina-Smolarz-1-768x767.jpg 768w, https:\/\/fineartsplanet.org\/wp-content\/uploads\/2026\/01\/Maciej-Musial.-fot.-Nina-Smolarz-1-600x599.jpg 600w, https:\/\/fineartsplanet.org\/wp-content\/uploads\/2026\/01\/Maciej-Musial.-fot.-Nina-Smolarz-1-100x100.jpg 100w\" sizes=\"(max-width: 1000px) 100vw, 1000px\" \/>\t\t\t\t\t\t\t\t\t\t\t\t\t\t\t<\/div>\n\t\t\t\t<\/div>\n\t\t<div class=\"elementor-element elementor-element-1d7d860c e-con-full e-flex e-con e-child\" data-id=\"1d7d860c\" data-element_type=\"container\" data-e-type=\"container\">\n\t\t\t\t<div class=\"elementor-element elementor-element-631c8223 elementor-widget elementor-widget-heading\" data-id=\"631c8223\" data-element_type=\"widget\" data-e-type=\"widget\" data-widget_type=\"heading.default\">\n\t\t\t\t\t<h2 class=\"elementor-heading-title elementor-size-default\">artysta fotografik<\/h2>\t\t\t\t<\/div>\n\t\t\t\t<div class=\"elementor-element elementor-element-1ae1dc84 elementor-widget elementor-widget-text-editor\" data-id=\"1ae1dc84\" data-element_type=\"widget\" data-e-type=\"widget\" data-widget_type=\"text-editor.default\">\n\t\t\t\t\t\t\t\t\t<p>\u00a0&#8230;by\u0142 fotoreporterem i mistrzem fotografii studyjnej,<br \/>reklamowej oraz reprodukcji malarstwa.<br \/>Mi\u0142o\u015bnik przyrody, starych aparat\u00f3w i samochod\u00f3w oraz fotografii wielkoformatowej.<br \/>Od 1969 roku publikowa\u0142 w \u201eitd\u201d, a p\u00f3\u017aniej w magazynie \u201ePolska\u201d.<br \/>Szczeg\u00f3lnie du\u017co uwagi po\u015bwi\u0119ci\u0142 ludziom, ich pracy fizycznej i tw\u00f3rczej, a<br \/>tak\u017ce dzieciom, kt\u00f3re w jego dorobku by\u0142y powracaj\u0105cym tematem.<br \/>Aktywny cz\u0142onek i prezes ZPAF, uczestnik wielu wystaw, pozostawi\u0142 po sobie<br \/>bogate archiwum , w kt\u00f3rym jeszcze du\u017co jest do odnalezienia \ud83d\ude42<\/p>\t\t\t\t\t\t\t\t<\/div>\n\t\t\t\t<\/div>\n\t\t\t\t\t<\/div>\n\t\t\t\t<\/div>\n\t\t<div class=\"elementor-element elementor-element-8b5f487 e-flex e-con-boxed e-con e-parent\" data-id=\"8b5f487\" data-element_type=\"container\" data-e-type=\"container\">\n\t\t\t\t\t<div class=\"e-con-inner\">\n\t\t\t\t<div class=\"elementor-element elementor-element-5858650f elementor-widget elementor-widget-spacer\" data-id=\"5858650f\" data-element_type=\"widget\" data-e-type=\"widget\" data-widget_type=\"spacer.default\">\n\t\t\t\t\t\t\t<div class=\"elementor-spacer\">\n\t\t\t<div class=\"elementor-spacer-inner\"><\/div>\n\t\t<\/div>\n\t\t\t\t\t\t<\/div>\n\t\t\t\t<div class=\"elementor-element elementor-element-205aa8a8 elementor-widget elementor-widget-gallery\" data-id=\"205aa8a8\" data-element_type=\"widget\" data-e-type=\"widget\" data-settings=\"{&quot;lazyload&quot;:&quot;yes&quot;,&quot;gallery_layout&quot;:&quot;grid&quot;,&quot;columns&quot;:4,&quot;columns_tablet&quot;:2,&quot;columns_mobile&quot;:1,&quot;gap&quot;:{&quot;unit&quot;:&quot;px&quot;,&quot;size&quot;:10,&quot;sizes&quot;:[]},&quot;gap_tablet&quot;:{&quot;unit&quot;:&quot;px&quot;,&quot;size&quot;:10,&quot;sizes&quot;:[]},&quot;gap_mobile&quot;:{&quot;unit&quot;:&quot;px&quot;,&quot;size&quot;:10,&quot;sizes&quot;:[]},&quot;link_to&quot;:&quot;file&quot;,&quot;aspect_ratio&quot;:&quot;3:2&quot;,&quot;overlay_background&quot;:&quot;yes&quot;,&quot;content_hover_animation&quot;:&quot;fade-in&quot;}\" data-widget_type=\"gallery.default\">\n\t\t\t\t\t\t\t<div class=\"elementor-gallery__container\">\n\t\t\t\t\t\t\t<a class=\"e-gallery-item elementor-gallery-item elementor-animated-content\" href=\"https:\/\/fineartsplanet.org\/wp-content\/uploads\/2025\/11\/rodzinne-zd-028-scaled.jpg\" data-elementor-open-lightbox=\"yes\" data-elementor-lightbox-slideshow=\"205aa8a8\" data-elementor-lightbox-title=\"rodzinne zd-028\" data-e-action-hash=\"#elementor-action%3Aaction%3Dlightbox%26settings%3DeyJpZCI6NDUsInVybCI6Imh0dHBzOlwvXC9maW5lYXJ0c3BsYW5ldC5vcmdcL3dwLWNvbnRlbnRcL3VwbG9hZHNcLzIwMjVcLzExXC9yb2R6aW5uZS16ZC0wMjgtc2NhbGVkLmpwZyIsInNsaWRlc2hvdyI6IjIwNWFhOGE4In0%3D\">\n\t\t\t\t\t<div class=\"e-gallery-image elementor-gallery-item__image\" data-thumbnail=\"https:\/\/fineartsplanet.org\/wp-content\/uploads\/2025\/11\/rodzinne-zd-028-300x170.jpg\" data-width=\"300\" data-height=\"170\" aria-label=\"\" role=\"img\" ><\/div>\n\t\t\t\t\t\t\t\t\t\t\t<div class=\"elementor-gallery-item__overlay\"><\/div>\n\t\t\t\t\t\t\t\t\t\t\t\t\t\t<\/a>\n\t\t\t\t\t\t\t<a class=\"e-gallery-item elementor-gallery-item elementor-animated-content\" href=\"https:\/\/fineartsplanet.org\/wp-content\/uploads\/2025\/11\/rodzinne-zd-029-scaled.jpg\" data-elementor-open-lightbox=\"yes\" data-elementor-lightbox-slideshow=\"205aa8a8\" data-elementor-lightbox-title=\"rodzinne zd-029\" data-e-action-hash=\"#elementor-action%3Aaction%3Dlightbox%26settings%3DeyJpZCI6NTgsInVybCI6Imh0dHBzOlwvXC9maW5lYXJ0c3BsYW5ldC5vcmdcL3dwLWNvbnRlbnRcL3VwbG9hZHNcLzIwMjVcLzExXC9yb2R6aW5uZS16ZC0wMjktc2NhbGVkLmpwZyIsInNsaWRlc2hvdyI6IjIwNWFhOGE4In0%3D\">\n\t\t\t\t\t<div class=\"e-gallery-image elementor-gallery-item__image\" data-thumbnail=\"https:\/\/fineartsplanet.org\/wp-content\/uploads\/2025\/11\/rodzinne-zd-029-300x245.jpg\" data-width=\"300\" data-height=\"245\" aria-label=\"\" role=\"img\" ><\/div>\n\t\t\t\t\t\t\t\t\t\t\t<div class=\"elementor-gallery-item__overlay\"><\/div>\n\t\t\t\t\t\t\t\t\t\t\t\t\t\t<\/a>\n\t\t\t\t\t\t\t<a class=\"e-gallery-item elementor-gallery-item elementor-animated-content\" href=\"https:\/\/fineartsplanet.org\/wp-content\/uploads\/2025\/11\/Skanuj-1022-scaled.jpg\" data-elementor-open-lightbox=\"yes\" data-elementor-lightbox-slideshow=\"205aa8a8\" data-elementor-lightbox-title=\"Skanuj 1022\" data-e-action-hash=\"#elementor-action%3Aaction%3Dlightbox%26settings%3DeyJpZCI6NTMsInVybCI6Imh0dHBzOlwvXC9maW5lYXJ0c3BsYW5ldC5vcmdcL3dwLWNvbnRlbnRcL3VwbG9hZHNcLzIwMjVcLzExXC9Ta2FudWotMTAyMi1zY2FsZWQuanBnIiwic2xpZGVzaG93IjoiMjA1YWE4YTgifQ%3D%3D\">\n\t\t\t\t\t<div class=\"e-gallery-image elementor-gallery-item__image\" data-thumbnail=\"https:\/\/fineartsplanet.org\/wp-content\/uploads\/2025\/11\/Skanuj-1022-300x300.jpg\" data-width=\"300\" data-height=\"300\" aria-label=\"\" role=\"img\" ><\/div>\n\t\t\t\t\t\t\t\t\t\t\t<div class=\"elementor-gallery-item__overlay\"><\/div>\n\t\t\t\t\t\t\t\t\t\t\t\t\t\t<\/a>\n\t\t\t\t\t\t\t<a class=\"e-gallery-item elementor-gallery-item elementor-animated-content\" href=\"https:\/\/fineartsplanet.org\/wp-content\/uploads\/2025\/11\/Skanuj-987.jpg\" data-elementor-open-lightbox=\"yes\" data-elementor-lightbox-slideshow=\"205aa8a8\" data-elementor-lightbox-title=\"Skanuj 987\" data-e-action-hash=\"#elementor-action%3Aaction%3Dlightbox%26settings%3DeyJpZCI6NTIsInVybCI6Imh0dHBzOlwvXC9maW5lYXJ0c3BsYW5ldC5vcmdcL3dwLWNvbnRlbnRcL3VwbG9hZHNcLzIwMjVcLzExXC9Ta2FudWotOTg3LmpwZyIsInNsaWRlc2hvdyI6IjIwNWFhOGE4In0%3D\">\n\t\t\t\t\t<div class=\"e-gallery-image elementor-gallery-item__image\" data-thumbnail=\"https:\/\/fineartsplanet.org\/wp-content\/uploads\/2025\/11\/Skanuj-987-300x300.jpg\" data-width=\"300\" data-height=\"300\" aria-label=\"\" role=\"img\" ><\/div>\n\t\t\t\t\t\t\t\t\t\t\t<div class=\"elementor-gallery-item__overlay\"><\/div>\n\t\t\t\t\t\t\t\t\t\t\t\t\t\t<\/a>\n\t\t\t\t\t\t\t<a class=\"e-gallery-item elementor-gallery-item elementor-animated-content\" href=\"https:\/\/fineartsplanet.org\/wp-content\/uploads\/2025\/11\/rodzinne2-1073-1.jpg\" data-elementor-open-lightbox=\"yes\" data-elementor-lightbox-slideshow=\"205aa8a8\" data-elementor-lightbox-title=\"rodzinne2 1073\" data-e-action-hash=\"#elementor-action%3Aaction%3Dlightbox%26settings%3DeyJpZCI6NDcsInVybCI6Imh0dHBzOlwvXC9maW5lYXJ0c3BsYW5ldC5vcmdcL3dwLWNvbnRlbnRcL3VwbG9hZHNcLzIwMjVcLzExXC9yb2R6aW5uZTItMTA3My0xLmpwZyIsInNsaWRlc2hvdyI6IjIwNWFhOGE4In0%3D\">\n\t\t\t\t\t<div class=\"e-gallery-image elementor-gallery-item__image\" data-thumbnail=\"https:\/\/fineartsplanet.org\/wp-content\/uploads\/2025\/11\/rodzinne2-1073-1-300x300.jpg\" data-width=\"300\" data-height=\"300\" aria-label=\"\" role=\"img\" ><\/div>\n\t\t\t\t\t\t\t\t\t\t\t<div class=\"elementor-gallery-item__overlay\"><\/div>\n\t\t\t\t\t\t\t\t\t\t\t\t\t\t<\/a>\n\t\t\t\t\t\t\t<a class=\"e-gallery-item elementor-gallery-item elementor-animated-content\" href=\"https:\/\/fineartsplanet.org\/wp-content\/uploads\/2025\/11\/rodzinne-zd-001-scaled.jpg\" data-elementor-open-lightbox=\"yes\" data-elementor-lightbox-slideshow=\"205aa8a8\" data-elementor-lightbox-title=\"rodzinne zd-001\" data-e-action-hash=\"#elementor-action%3Aaction%3Dlightbox%26settings%3DeyJpZCI6NjgsInVybCI6Imh0dHBzOlwvXC9maW5lYXJ0c3BsYW5ldC5vcmdcL3dwLWNvbnRlbnRcL3VwbG9hZHNcLzIwMjVcLzExXC9yb2R6aW5uZS16ZC0wMDEtc2NhbGVkLmpwZyIsInNsaWRlc2hvdyI6IjIwNWFhOGE4In0%3D\">\n\t\t\t\t\t<div class=\"e-gallery-image elementor-gallery-item__image\" data-thumbnail=\"https:\/\/fineartsplanet.org\/wp-content\/uploads\/2025\/11\/rodzinne-zd-001-190x300.jpg\" data-width=\"190\" data-height=\"300\" aria-label=\"\" role=\"img\" ><\/div>\n\t\t\t\t\t\t\t\t\t\t\t<div class=\"elementor-gallery-item__overlay\"><\/div>\n\t\t\t\t\t\t\t\t\t\t\t\t\t\t<\/a>\n\t\t\t\t\t\t\t<a class=\"e-gallery-item elementor-gallery-item elementor-animated-content\" href=\"https:\/\/fineartsplanet.org\/wp-content\/uploads\/2025\/11\/Zrzut-ekranu-2025-11-15-o-12.20.38.png\" data-elementor-open-lightbox=\"yes\" data-elementor-lightbox-slideshow=\"205aa8a8\" data-elementor-lightbox-title=\"Zrzut ekranu 2025-11-15 o 12.20.38\" data-e-action-hash=\"#elementor-action%3Aaction%3Dlightbox%26settings%3DeyJpZCI6NzMsInVybCI6Imh0dHBzOlwvXC9maW5lYXJ0c3BsYW5ldC5vcmdcL3dwLWNvbnRlbnRcL3VwbG9hZHNcLzIwMjVcLzExXC9acnp1dC1la3JhbnUtMjAyNS0xMS0xNS1vLTEyLjIwLjM4LnBuZyIsInNsaWRlc2hvdyI6IjIwNWFhOGE4In0%3D\">\n\t\t\t\t\t<div class=\"e-gallery-image elementor-gallery-item__image\" data-thumbnail=\"https:\/\/fineartsplanet.org\/wp-content\/uploads\/2025\/11\/Zrzut-ekranu-2025-11-15-o-12.20.38-300x246.png\" data-width=\"300\" data-height=\"246\" aria-label=\"\" role=\"img\" ><\/div>\n\t\t\t\t\t\t\t\t\t\t\t<div class=\"elementor-gallery-item__overlay\"><\/div>\n\t\t\t\t\t\t\t\t\t\t\t\t\t\t<\/a>\n\t\t\t\t\t\t\t<a class=\"e-gallery-item elementor-gallery-item elementor-animated-content\" href=\"https:\/\/fineartsplanet.org\/wp-content\/uploads\/2025\/11\/Zrzut-ekranu-2025-11-16-o-11.44.26-4.png\" data-elementor-open-lightbox=\"yes\" data-elementor-lightbox-slideshow=\"205aa8a8\" data-elementor-lightbox-title=\"Zrzut ekranu 2025-11-16 o 11.44.26\" data-e-action-hash=\"#elementor-action%3Aaction%3Dlightbox%26settings%3DeyJpZCI6ODQsInVybCI6Imh0dHBzOlwvXC9maW5lYXJ0c3BsYW5ldC5vcmdcL3dwLWNvbnRlbnRcL3VwbG9hZHNcLzIwMjVcLzExXC9acnp1dC1la3JhbnUtMjAyNS0xMS0xNi1vLTExLjQ0LjI2LTQucG5nIiwic2xpZGVzaG93IjoiMjA1YWE4YTgifQ%3D%3D\">\n\t\t\t\t\t<div class=\"e-gallery-image elementor-gallery-item__image\" data-thumbnail=\"https:\/\/fineartsplanet.org\/wp-content\/uploads\/2025\/11\/Zrzut-ekranu-2025-11-16-o-11.44.26-4-294x300.png\" data-width=\"294\" data-height=\"300\" aria-label=\"\" role=\"img\" ><\/div>\n\t\t\t\t\t\t\t\t\t\t\t<div class=\"elementor-gallery-item__overlay\"><\/div>\n\t\t\t\t\t\t\t\t\t\t\t\t\t\t<\/a>\n\t\t\t\t\t\t\t<a class=\"e-gallery-item elementor-gallery-item elementor-animated-content\" href=\"https:\/\/fineartsplanet.org\/wp-content\/uploads\/2026\/01\/Andrzej-Wajda-fot.-Maciej-Musial-kopia.jpg\" data-elementor-open-lightbox=\"yes\" data-elementor-lightbox-slideshow=\"205aa8a8\" data-elementor-lightbox-title=\"Andrzej Wajda\" data-e-action-hash=\"#elementor-action%3Aaction%3Dlightbox%26settings%3DeyJpZCI6MTYzLCJ1cmwiOiJodHRwczpcL1wvZmluZWFydHNwbGFuZXQub3JnXC93cC1jb250ZW50XC91cGxvYWRzXC8yMDI2XC8wMVwvQW5kcnplai1XYWpkYS1mb3QuLU1hY2llai1NdXNpYWwta29waWEuanBnIiwic2xpZGVzaG93IjoiMjA1YWE4YTgifQ%3D%3D\">\n\t\t\t\t\t<div class=\"e-gallery-image elementor-gallery-item__image\" data-thumbnail=\"https:\/\/fineartsplanet.org\/wp-content\/uploads\/2026\/01\/Andrzej-Wajda-fot.-Maciej-Musial-kopia-300x300.jpg\" data-width=\"300\" data-height=\"300\" aria-label=\"\" role=\"img\" ><\/div>\n\t\t\t\t\t\t\t\t\t\t\t<div class=\"elementor-gallery-item__overlay\"><\/div>\n\t\t\t\t\t\t\t\t\t\t\t\t\t\t<\/a>\n\t\t\t\t\t\t\t<a class=\"e-gallery-item elementor-gallery-item elementor-animated-content\" href=\"https:\/\/fineartsplanet.org\/wp-content\/uploads\/2026\/01\/Simona-Kossak-fot-Maciej-Musial.jpg\" data-elementor-open-lightbox=\"yes\" data-elementor-lightbox-slideshow=\"205aa8a8\" data-elementor-lightbox-title=\"Simona Kossa\" data-elementor-lightbox-description=\"Simona z Koraskiem na Dziedzince 1973 r\" data-e-action-hash=\"#elementor-action%3Aaction%3Dlightbox%26settings%3DeyJpZCI6MTMwLCJ1cmwiOiJodHRwczpcL1wvZmluZWFydHNwbGFuZXQub3JnXC93cC1jb250ZW50XC91cGxvYWRzXC8yMDI2XC8wMVwvU2ltb25hLUtvc3Nhay1mb3QtTWFjaWVqLU11c2lhbC5qcGciLCJzbGlkZXNob3ciOiIyMDVhYThhOCJ9\">\n\t\t\t\t\t<div class=\"e-gallery-image elementor-gallery-item__image\" data-thumbnail=\"https:\/\/fineartsplanet.org\/wp-content\/uploads\/2026\/01\/Simona-Kossak-fot-Maciej-Musial-300x300.jpg\" data-width=\"300\" data-height=\"300\" aria-label=\"\" role=\"img\" ><\/div>\n\t\t\t\t\t\t\t\t\t\t\t<div class=\"elementor-gallery-item__overlay\"><\/div>\n\t\t\t\t\t\t\t\t\t\t\t\t\t\t<\/a>\n\t\t\t\t\t\t\t<a class=\"e-gallery-item elementor-gallery-item elementor-animated-content\" href=\"https:\/\/fineartsplanet.org\/wp-content\/uploads\/2026\/01\/Rodzina-Slask-fot-Maciej-Musial.jpg\" data-elementor-open-lightbox=\"yes\" data-elementor-lightbox-slideshow=\"205aa8a8\" data-elementor-lightbox-title=\"Rodzina S\u0301la\u0328sk, fot Maciej Musia\u0142\" data-e-action-hash=\"#elementor-action%3Aaction%3Dlightbox%26settings%3DeyJpZCI6MTY0LCJ1cmwiOiJodHRwczpcL1wvZmluZWFydHNwbGFuZXQub3JnXC93cC1jb250ZW50XC91cGxvYWRzXC8yMDI2XC8wMVwvUm9kemluYS1TbGFzay1mb3QtTWFjaWVqLU11c2lhbC5qcGciLCJzbGlkZXNob3ciOiIyMDVhYThhOCJ9\">\n\t\t\t\t\t<div class=\"e-gallery-image elementor-gallery-item__image\" data-thumbnail=\"https:\/\/fineartsplanet.org\/wp-content\/uploads\/2026\/01\/Rodzina-Slask-fot-Maciej-Musial-300x300.jpg\" data-width=\"300\" data-height=\"300\" aria-label=\"\" role=\"img\" ><\/div>\n\t\t\t\t\t\t\t\t\t\t\t<div class=\"elementor-gallery-item__overlay\"><\/div>\n\t\t\t\t\t\t\t\t\t\t\t\t\t\t<\/a>\n\t\t\t\t\t\t\t<a class=\"e-gallery-item elementor-gallery-item elementor-animated-content\" href=\"https:\/\/fineartsplanet.org\/wp-content\/uploads\/2026\/01\/Dzieci-Slask_2-fot-Maciej-Musial.jpg\" data-elementor-open-lightbox=\"yes\" data-elementor-lightbox-slideshow=\"205aa8a8\" data-elementor-lightbox-title=\"Dzieci S\u0301la\u0328sk_2 fot Maciej Musia\u0142\" data-e-action-hash=\"#elementor-action%3Aaction%3Dlightbox%26settings%3DeyJpZCI6MTY1LCJ1cmwiOiJodHRwczpcL1wvZmluZWFydHNwbGFuZXQub3JnXC93cC1jb250ZW50XC91cGxvYWRzXC8yMDI2XC8wMVwvRHppZWNpLVNsYXNrXzItZm90LU1hY2llai1NdXNpYWwuanBnIiwic2xpZGVzaG93IjoiMjA1YWE4YTgifQ%3D%3D\">\n\t\t\t\t\t<div class=\"e-gallery-image elementor-gallery-item__image\" data-thumbnail=\"https:\/\/fineartsplanet.org\/wp-content\/uploads\/2026\/01\/Dzieci-Slask_2-fot-Maciej-Musial-300x300.jpg\" data-width=\"300\" data-height=\"300\" aria-label=\"\" role=\"img\" ><\/div>\n\t\t\t\t\t\t\t\t\t\t\t<div class=\"elementor-gallery-item__overlay\"><\/div>\n\t\t\t\t\t\t\t\t\t\t\t\t\t\t<\/a>\n\t\t\t\t\t\t\t<a class=\"e-gallery-item elementor-gallery-item elementor-animated-content\" href=\"https:\/\/fineartsplanet.org\/wp-content\/uploads\/2026\/01\/Dzieci-Slask_3-fot.-Maciej-Musial-kopia.jpg\" data-elementor-open-lightbox=\"yes\" data-elementor-lightbox-slideshow=\"205aa8a8\" data-elementor-lightbox-title=\"Dzieci S\u0301la\u0328sk_3 fot. Maciej Musia\u0142 kopia\" data-e-action-hash=\"#elementor-action%3Aaction%3Dlightbox%26settings%3DeyJpZCI6MTY2LCJ1cmwiOiJodHRwczpcL1wvZmluZWFydHNwbGFuZXQub3JnXC93cC1jb250ZW50XC91cGxvYWRzXC8yMDI2XC8wMVwvRHppZWNpLVNsYXNrXzMtZm90Li1NYWNpZWotTXVzaWFsLWtvcGlhLmpwZyIsInNsaWRlc2hvdyI6IjIwNWFhOGE4In0%3D\">\n\t\t\t\t\t<div class=\"e-gallery-image elementor-gallery-item__image\" data-thumbnail=\"https:\/\/fineartsplanet.org\/wp-content\/uploads\/2026\/01\/Dzieci-Slask_3-fot.-Maciej-Musial-kopia-300x300.jpg\" data-width=\"300\" data-height=\"300\" aria-label=\"\" role=\"img\" ><\/div>\n\t\t\t\t\t\t\t\t\t\t\t<div class=\"elementor-gallery-item__overlay\"><\/div>\n\t\t\t\t\t\t\t\t\t\t\t\t\t\t<\/a>\n\t\t\t\t\t\t\t<a class=\"e-gallery-item elementor-gallery-item elementor-animated-content\" href=\"https:\/\/fineartsplanet.org\/wp-content\/uploads\/2026\/01\/Leningrad-1973-fot-Maciej-Musial.png\" data-elementor-open-lightbox=\"yes\" data-elementor-lightbox-slideshow=\"205aa8a8\" data-elementor-lightbox-title=\"Leningrad 1973 fot Maciej Musia\u0142\" data-e-action-hash=\"#elementor-action%3Aaction%3Dlightbox%26settings%3DeyJpZCI6MTY4LCJ1cmwiOiJodHRwczpcL1wvZmluZWFydHNwbGFuZXQub3JnXC93cC1jb250ZW50XC91cGxvYWRzXC8yMDI2XC8wMVwvTGVuaW5ncmFkLTE5NzMtZm90LU1hY2llai1NdXNpYWwucG5nIiwic2xpZGVzaG93IjoiMjA1YWE4YTgifQ%3D%3D\">\n\t\t\t\t\t<div class=\"e-gallery-image elementor-gallery-item__image\" data-thumbnail=\"https:\/\/fineartsplanet.org\/wp-content\/uploads\/2026\/01\/Leningrad-1973-fot-Maciej-Musial-223x300.png\" data-width=\"223\" data-height=\"300\" aria-label=\"\" role=\"img\" ><\/div>\n\t\t\t\t\t\t\t\t\t\t\t<div class=\"elementor-gallery-item__overlay\"><\/div>\n\t\t\t\t\t\t\t\t\t\t\t\t\t\t<\/a>\n\t\t\t\t\t\t\t<a class=\"e-gallery-item elementor-gallery-item elementor-animated-content\" href=\"https:\/\/fineartsplanet.org\/wp-content\/uploads\/2026\/01\/Jerzy-Duda-Gracz-fot.-Maciej-Musial.jpg\" data-elementor-open-lightbox=\"yes\" data-elementor-lightbox-slideshow=\"205aa8a8\" data-elementor-lightbox-title=\"Jerzy Duda-Gracz\" data-e-action-hash=\"#elementor-action%3Aaction%3Dlightbox%26settings%3DeyJpZCI6MTY3LCJ1cmwiOiJodHRwczpcL1wvZmluZWFydHNwbGFuZXQub3JnXC93cC1jb250ZW50XC91cGxvYWRzXC8yMDI2XC8wMVwvSmVyenktRHVkYS1HcmFjei1mb3QuLU1hY2llai1NdXNpYWwuanBnIiwic2xpZGVzaG93IjoiMjA1YWE4YTgifQ%3D%3D\">\n\t\t\t\t\t<div class=\"e-gallery-image elementor-gallery-item__image\" data-thumbnail=\"https:\/\/fineartsplanet.org\/wp-content\/uploads\/2026\/01\/Jerzy-Duda-Gracz-fot.-Maciej-Musial-300x300.jpg\" data-width=\"300\" data-height=\"300\" aria-label=\"\" role=\"img\" ><\/div>\n\t\t\t\t\t\t\t\t\t\t\t<div class=\"elementor-gallery-item__overlay\"><\/div>\n\t\t\t\t\t\t\t\t\t\t\t\t\t\t<\/a>\n\t\t\t\t\t\t\t<a class=\"e-gallery-item elementor-gallery-item elementor-animated-content\" href=\"https:\/\/fineartsplanet.org\/wp-content\/uploads\/2026\/01\/Simona-Kossak-fot-Maciej-Musial-1.jpg\" data-elementor-open-lightbox=\"yes\" data-elementor-lightbox-slideshow=\"205aa8a8\" data-elementor-lightbox-title=\"Simona Kossak\" data-e-action-hash=\"#elementor-action%3Aaction%3Dlightbox%26settings%3DeyJpZCI6MjQxLCJ1cmwiOiJodHRwczpcL1wvZmluZWFydHNwbGFuZXQub3JnXC93cC1jb250ZW50XC91cGxvYWRzXC8yMDI2XC8wMVwvU2ltb25hLUtvc3Nhay1mb3QtTWFjaWVqLU11c2lhbC0xLmpwZyIsInNsaWRlc2hvdyI6IjIwNWFhOGE4In0%3D\">\n\t\t\t\t\t<div class=\"e-gallery-image elementor-gallery-item__image\" data-thumbnail=\"https:\/\/fineartsplanet.org\/wp-content\/uploads\/2026\/01\/Simona-Kossak-fot-Maciej-Musial-1-300x300.jpg\" data-width=\"300\" data-height=\"300\" aria-label=\"\" role=\"img\" ><\/div>\n\t\t\t\t\t\t\t\t\t\t\t<div class=\"elementor-gallery-item__overlay\"><\/div>\n\t\t\t\t\t\t\t\t\t\t\t\t\t\t<\/a>\n\t\t\t\t\t<\/div>\n\t\t\t\t\t<\/div>\n\t\t\t\t\t<\/div>\n\t\t\t\t<\/div>\n\t\t\t\t<\/div>\n\t\t","protected":false},"excerpt":{"rendered":"<p>artysta fotografik \u00a0&#8230;by\u0142 fotoreporterem i mistrzem fotografii studyjnej,reklamowej oraz reprodukcji malarstwa.Mi\u0142o\u015bnik przyrody, starych aparat\u00f3w i samochod\u00f3w oraz fotografii wielkoformatowej.Od 1969 roku publikowa\u0142 w \u201eitd\u201d, a p\u00f3\u017aniej w magazynie \u201ePolska\u201d.Szczeg\u00f3lnie du\u017co uwagi po\u015bwi\u0119ci\u0142 ludziom, ich pracy fizycznej i tw\u00f3rczej, atak\u017ce dzieciom, kt\u00f3re w jego dorobku by\u0142y powracaj\u0105cym tematem.Aktywny cz\u0142onek i prezes ZPAF, uczestnik wielu wystaw, pozostawi\u0142 [&hellip;]<\/p>\n","protected":false},"author":1,"featured_media":201,"parent":0,"menu_order":0,"comment_status":"closed","ping_status":"closed","template":"","meta":{"footnotes":""},"class_list":["post-183","page","type-page","status-publish","has-post-thumbnail","hentry"],"_hostinger_reach_plugin_has_subscription_block":false,"_hostinger_reach_plugin_is_elementor":false,"_links":{"self":[{"href":"https:\/\/fineartsplanet.org\/index.php?rest_route=\/wp\/v2\/pages\/183","targetHints":{"allow":["GET"]}}],"collection":[{"href":"https:\/\/fineartsplanet.org\/index.php?rest_route=\/wp\/v2\/pages"}],"about":[{"href":"https:\/\/fineartsplanet.org\/index.php?rest_route=\/wp\/v2\/types\/page"}],"author":[{"embeddable":true,"href":"https:\/\/fineartsplanet.org\/index.php?rest_route=\/wp\/v2\/users\/1"}],"replies":[{"embeddable":true,"href":"https:\/\/fineartsplanet.org\/index.php?rest_route=%2Fwp%2Fv2%2Fcomments&post=183"}],"version-history":[{"count":11,"href":"https:\/\/fineartsplanet.org\/index.php?rest_route=\/wp\/v2\/pages\/183\/revisions"}],"predecessor-version":[{"id":360,"href":"https:\/\/fineartsplanet.org\/index.php?rest_route=\/wp\/v2\/pages\/183\/revisions\/360"}],"wp:featuredmedia":[{"embeddable":true,"href":"https:\/\/fineartsplanet.org\/index.php?rest_route=\/wp\/v2\/media\/201"}],"wp:attachment":[{"href":"https:\/\/fineartsplanet.org\/index.php?rest_route=%2Fwp%2Fv2%2Fmedia&parent=183"}],"curies":[{"name":"wp","href":"https:\/\/api.w.org\/{rel}","templated":true}]}}